{"id":283,"date":"2026-04-19T13:35:28","date_gmt":"2026-04-19T13:35:28","guid":{"rendered":"https:\/\/www.methodeducation.net.tr\/?page_id=283"},"modified":"2026-04-19T13:41:18","modified_gmt":"2026-04-19T13:41:18","slug":"haberler","status":"publish","type":"page","link":"https:\/\/www.methodeducation.net.tr\/?page_id=283","title":{"rendered":"HABERLER"},"content":{"rendered":"\n<div class=\"wp-block-buttons is-layout-flex wp-block-buttons-is-layout-flex\">\n<div class=\"wp-block-button\"><a class=\"wp-block-button__link wp-element-button\" href=\"https:\/\/www.methodeducation.net.tr\/wp-admin\/post.php?post=285&amp;action=edit\">UCAS tarihleri ve 2026 d\u00f6ng\u00fcs\u00fc son tarihler<\/a><\/div>\n<\/div>\n\n\n\n<p><\/p>\n","protected":false},"excerpt":{"rendered":"","protected":false},"author":1,"featured_media":0,"parent":0,"menu_order":0,"comment_status":"closed","ping_status":"closed","template":"","meta":{"neve_meta_sidebar":"","neve_meta_container":"","neve_meta_enable_content_width":"","neve_meta_content_width":0,"neve_meta_title_alignment":"","neve_meta_author_avatar":"","neve_post_elements_order":"","neve_meta_disable_header":"","neve_meta_disable_footer":"","neve_meta_disable_title":"","footnotes":""},"class_list":["post-283","page","type-page","status-publish","hentry"],"_links":{"self":[{"href":"https:\/\/www.methodeducation.net.tr\/index.php?rest_route=\/wp\/v2\/pages\/283","targetHints":{"allow":["GET"]}}],"collection":[{"href":"https:\/\/www.methodeducation.net.tr\/index.php?rest_route=\/wp\/v2\/pages"}],"about":[{"href":"https:\/\/www.methodeducation.net.tr\/index.php?rest_route=\/wp\/v2\/types\/page"}],"author":[{"embeddable":true,"href":"https:\/\/www.methodeducation.net.tr\/index.php?rest_route=\/wp\/v2\/users\/1"}],"replies":[{"embeddable":true,"href":"https:\/\/www.methodeducation.net.tr\/index.php?rest_route=%2Fwp%2Fv2%2Fcomments&post=283"}],"version-history":[{"count":2,"href":"https:\/\/www.methodeducation.net.tr\/index.php?rest_route=\/wp\/v2\/pages\/283\/revisions"}],"predecessor-version":[{"id":292,"href":"https:\/\/www.methodeducation.net.tr\/index.php?rest_route=\/wp\/v2\/pages\/283\/revisions\/292"}],"wp:attachment":[{"href":"https:\/\/www.methodeducation.net.tr\/index.php?rest_route=%2Fwp%2Fv2%2Fmedia&parent=283"}],"curies":[{"name":"wp","href":"https:\/\/api.w.org\/{rel}","templated":true}]}}